{"id":394,"date":"2025-11-10T09:04:38","date_gmt":"2025-11-10T09:04:38","guid":{"rendered":"https:\/\/fungiverso.es\/?page_id=394"},"modified":"2025-11-21T07:23:01","modified_gmt":"2025-11-21T07:23:01","slug":"formacion-guias-micologicos","status":"publish","type":"page","link":"https:\/\/fungiverso.es\/en\/formacion-guias-micologicos\/","title":{"rendered":"Mycological Guide Training"},"content":{"rendered":"<div data-elementor-type=\"wp-page\" data-elementor-id=\"394\" class=\"elementor elementor-394\">\n\t\t\t\t<div class=\"elementor-element elementor-element-71283c2 e-con-full e-flex e-con e-parent\" data-id=\"71283c2\" data-element_type=\"container\" data-settings=\"{&quot;background_background&quot;:&quot;classic&quot;}\">\n\t\t\t\t<div class=\"elementor-element elementor-element-b7308d2 elementor-widget elementor-widget-heading\" data-id=\"b7308d2\" data-element_type=\"widget\" data-widget_type=\"heading.default\">\n\t\t\t\t\t<h2 class=\"elementor-heading-title elementor-size-default\">Mycological Guide Training<\/h2>\t\t\t\t<\/div>\n\t\t\t\t<\/div>\n\t\t<div class=\"elementor-element elementor-element-af05b10 e-flex e-con-boxed e-con e-parent\" data-id=\"af05b10\" data-element_type=\"container\">\n\t\t\t\t\t<div class=\"e-con-inner\">\n\t\t\t\t<div class=\"elementor-element elementor-element-9a83575 elementor-widget elementor-widget-text-editor\" data-id=\"9a83575\" data-element_type=\"widget\" data-widget_type=\"text-editor.default\">\n\t\t\t\t\t\t\t\t\t<strong>Mentored project for the training and certification of Mycological Guides in Arag\u00f3n:<\/strong>\t\t\t\t\t\t\t\t<\/div>\n\t\t\t\t<div class=\"elementor-element elementor-element-fbc82f9 elementor-widget elementor-widget-text-editor\" data-id=\"fbc82f9\" data-element_type=\"widget\" data-widget_type=\"text-editor.default\">\n\t\t\t\t\t\t\t\t\t<p>Mycotourism is one of the main ecosystem services provided by the forested areas of our country and a nature-based opportunity that, if properly managed, can be compatible with the conservation of productive habitats. Despite this, many mycotourists lack the necessary knowledge to fully enjoy the experience, making the role of a mycological guide essential.<\/p>\t\t\t\t\t\t\t\t<\/div>\n\t\t\t\t<div class=\"elementor-element elementor-element-181d7ef elementor-widget elementor-widget-text-editor\" data-id=\"181d7ef\" data-element_type=\"widget\" data-widget_type=\"text-editor.default\">\n\t\t\t\t\t\t\t\t\t<p>In Arag\u00f3n, there is a very limited number of people with this certification. Therefore, FUNGIVERSO will support a local entrepreneur established as an active tourism company to improve the quality of mycological guide services in the Albarrac\u00edn Community Mycological Park and align them with the management strategy and best practices promoted by the Arag\u00f3n Mycological Parks Association.<\/p>\t\t\t\t\t\t\t\t<\/div>\n\t\t\t\t<div class=\"elementor-element elementor-element-dabd4a7 elementor-widget elementor-widget-text-editor\" data-id=\"dabd4a7\" data-element_type=\"widget\" data-widget_type=\"text-editor.default\">\n\t\t\t\t\t\t\t\t\t<p>Additionally, this business model will be scalable to other Mycological Parks in Arag\u00f3n, with the entrepreneur actively contributing to the training of other entrepreneurs to expand the network of certified mycological guides in the region.<\/p>\t\t\t\t\t\t\t\t<\/div>\n\t\t\t\t\t<\/div>\n\t\t\t\t<\/div>\n\t\t<div class=\"elementor-element elementor-element-0bc4496 e-flex e-con-boxed e-con e-parent\" data-id=\"0bc4496\" data-element_type=\"container\" data-settings=\"{&quot;background_background&quot;:&quot;classic&quot;}\">\n\t\t\t\t\t<div class=\"e-con-inner\">\n\t\t\t\t<div class=\"elementor-element elementor-element-2458b09 elementor-widget elementor-widget-heading\" data-id=\"2458b09\" data-element_type=\"widget\" data-widget_type=\"heading.default\">\n\t\t\t\t\t<h2 class=\"elementor-heading-title elementor-size-default\">Compensation Action:<\/h2>\t\t\t\t<\/div>\n\t\t\t\t<div class=\"elementor-element elementor-element-489ee4c elementor-widget elementor-widget-text-editor\" data-id=\"489ee4c\" data-element_type=\"widget\" data-widget_type=\"text-editor.default\">\n\t\t\t\t\t\t\t\t\t<p>The number of certifications will be determined by the number of participants in the dissemination event and a study of training interest based on registrations in similar courses on mycological guide training. Additionally, as compensation, a detailed manual for mycological guide training will be created, serving as a foundation for the future certification of professionals.<\/p>\t\t\t\t\t\t\t\t<\/div>\n\t\t\t\t\t<\/div>\n\t\t\t\t<\/div>\n\t\t\t\t<\/div>","protected":false},"excerpt":{"rendered":"<p>Formaci\u00f3n Gu\u00edas micol\u00f3gicos Proyecto mentorizado para la formaci\u00f3n y acreditaci\u00f3n de gu\u00edas Micol\u00f3gicos en Arag\u00f3n: El micoturismo es uno de los principales servicios ecosist\u00e9micos que proporcionan los espacios forestales de nuestro pa\u00eds y una oportunidad basada en la naturaleza que, debidamente gestionada, puede ser compatible con la conservaci\u00f3n de los h\u00e1bitats productores. Pese a esto, [&hellip;]<\/p>","protected":false},"author":2,"featured_media":0,"parent":0,"menu_order":0,"comment_status":"closed","ping_status":"closed","template":"","meta":{"footnotes":""},"class_list":["post-394","page","type-page","status-publish","hentry"],"yoast_head":"<!-- This site is optimized with the Yoast SEO plugin v26.2 - https:\/\/yoast.com\/wordpress\/plugins\/seo\/ -->\n<title>Formaci\u00f3n Gu\u00edas micol\u00f3gicos - Fungiverso<\/title>\n<meta name=\"robots\" content=\"index, follow, max-snippet:-1, max-image-preview:large, max-video-preview:-1\" \/>\n<link rel=\"canonical\" href=\"https:\/\/fungiverso.es\/en\/formacion-guias-micologicos\/\" \/>\n<meta property=\"og:locale\" content=\"en_GB\" \/>\n<meta property=\"og:type\" content=\"article\" \/>\n<meta property=\"og:title\" content=\"Formaci\u00f3n Gu\u00edas micol\u00f3gicos - Fungiverso\" \/>\n<meta property=\"og:description\" content=\"Formaci\u00f3n Gu\u00edas micol\u00f3gicos Proyecto mentorizado para la formaci\u00f3n y acreditaci\u00f3n de gu\u00edas Micol\u00f3gicos en Arag\u00f3n: El micoturismo es uno de los principales servicios ecosist\u00e9micos que proporcionan los espacios forestales de nuestro pa\u00eds y una oportunidad basada en la naturaleza que, debidamente gestionada, puede ser compatible con la conservaci\u00f3n de los h\u00e1bitats productores. Pese a esto, [&hellip;]\" \/>\n<meta property=\"og:url\" content=\"https:\/\/fungiverso.es\/en\/formacion-guias-micologicos\/\" \/>\n<meta property=\"og:site_name\" content=\"Fungiverso\" \/>\n<meta property=\"article:modified_time\" content=\"2025-11-21T07:23:01+00:00\" \/>\n<meta name=\"twitter:card\" content=\"summary_large_image\" \/>\n<meta name=\"twitter:label1\" content=\"Estimated reading time\" \/>\n\t<meta name=\"twitter:data1\" content=\"2 minutes\" \/>\n<script type=\"application\/ld+json\" class=\"yoast-schema-graph\">{\"@context\":\"https:\/\/schema.org\",\"@graph\":[{\"@type\":\"WebPage\",\"@id\":\"https:\/\/fungiverso.es\/formacion-guias-micologicos\/\",\"url\":\"https:\/\/fungiverso.es\/formacion-guias-micologicos\/\",\"name\":\"Formaci\u00f3n Gu\u00edas micol\u00f3gicos - Fungiverso\",\"isPartOf\":{\"@id\":\"https:\/\/fungiverso.es\/#website\"},\"datePublished\":\"2025-11-10T09:04:38+00:00\",\"dateModified\":\"2025-11-21T07:23:01+00:00\",\"breadcrumb\":{\"@id\":\"https:\/\/fungiverso.es\/formacion-guias-micologicos\/#breadcrumb\"},\"inLanguage\":\"en-GB\",\"potentialAction\":[{\"@type\":\"ReadAction\",\"target\":[\"https:\/\/fungiverso.es\/formacion-guias-micologicos\/\"]}]},{\"@type\":\"BreadcrumbList\",\"@id\":\"https:\/\/fungiverso.es\/formacion-guias-micologicos\/#breadcrumb\",\"itemListElement\":[{\"@type\":\"ListItem\",\"position\":1,\"name\":\"Portada\",\"item\":\"https:\/\/fungiverso.es\/\"},{\"@type\":\"ListItem\",\"position\":2,\"name\":\"Formaci\u00f3n Gu\u00edas micol\u00f3gicos\"}]},{\"@type\":\"WebSite\",\"@id\":\"https:\/\/fungiverso.es\/#website\",\"url\":\"https:\/\/fungiverso.es\/\",\"name\":\"Fungiverso\",\"description\":\"\",\"publisher\":{\"@id\":\"https:\/\/fungiverso.es\/#organization\"},\"potentialAction\":[{\"@type\":\"SearchAction\",\"target\":{\"@type\":\"EntryPoint\",\"urlTemplate\":\"https:\/\/fungiverso.es\/?s={search_term_string}\"},\"query-input\":{\"@type\":\"PropertyValueSpecification\",\"valueRequired\":true,\"valueName\":\"search_term_string\"}}],\"inLanguage\":\"en-GB\"},{\"@type\":\"Organization\",\"@id\":\"https:\/\/fungiverso.es\/#organization\",\"name\":\"Fungiverso\",\"url\":\"https:\/\/fungiverso.es\/\",\"logo\":{\"@type\":\"ImageObject\",\"inLanguage\":\"en-GB\",\"@id\":\"https:\/\/fungiverso.es\/#\/schema\/logo\/image\/\",\"url\":\"https:\/\/fungiverso.es\/wp-content\/uploads\/2025\/10\/cropped-fungiverso.jpg\",\"contentUrl\":\"https:\/\/fungiverso.es\/wp-content\/uploads\/2025\/10\/cropped-fungiverso.jpg\",\"width\":300,\"height\":85,\"caption\":\"Fungiverso\"},\"image\":{\"@id\":\"https:\/\/fungiverso.es\/#\/schema\/logo\/image\/\"}}]}<\/script>\n<!-- \/ Yoast SEO plugin. -->","yoast_head_json":{"title":"Formaci\u00f3n Gu\u00edas micol\u00f3gicos - Fungiverso","robots":{"index":"index","follow":"follow","max-snippet":"max-snippet:-1","max-image-preview":"max-image-preview:large","max-video-preview":"max-video-preview:-1"},"canonical":"https:\/\/fungiverso.es\/en\/formacion-guias-micologicos\/","og_locale":"en_GB","og_type":"article","og_title":"Formaci\u00f3n Gu\u00edas micol\u00f3gicos - Fungiverso","og_description":"Formaci\u00f3n Gu\u00edas micol\u00f3gicos Proyecto mentorizado para la formaci\u00f3n y acreditaci\u00f3n de gu\u00edas Micol\u00f3gicos en Arag\u00f3n: El micoturismo es uno de los principales servicios ecosist\u00e9micos que proporcionan los espacios forestales de nuestro pa\u00eds y una oportunidad basada en la naturaleza que, debidamente gestionada, puede ser compatible con la conservaci\u00f3n de los h\u00e1bitats productores. Pese a esto, [&hellip;]","og_url":"https:\/\/fungiverso.es\/en\/formacion-guias-micologicos\/","og_site_name":"Fungiverso","article_modified_time":"2025-11-21T07:23:01+00:00","twitter_card":"summary_large_image","twitter_misc":{"Estimated reading time":"2 minutes"},"schema":{"@context":"https:\/\/schema.org","@graph":[{"@type":"WebPage","@id":"https:\/\/fungiverso.es\/formacion-guias-micologicos\/","url":"https:\/\/fungiverso.es\/formacion-guias-micologicos\/","name":"Formaci\u00f3n Gu\u00edas micol\u00f3gicos - Fungiverso","isPartOf":{"@id":"https:\/\/fungiverso.es\/#website"},"datePublished":"2025-11-10T09:04:38+00:00","dateModified":"2025-11-21T07:23:01+00:00","breadcrumb":{"@id":"https:\/\/fungiverso.es\/formacion-guias-micologicos\/#breadcrumb"},"inLanguage":"en-GB","potentialAction":[{"@type":"ReadAction","target":["https:\/\/fungiverso.es\/formacion-guias-micologicos\/"]}]},{"@type":"BreadcrumbList","@id":"https:\/\/fungiverso.es\/formacion-guias-micologicos\/#breadcrumb","itemListElement":[{"@type":"ListItem","position":1,"name":"Portada","item":"https:\/\/fungiverso.es\/"},{"@type":"ListItem","position":2,"name":"Formaci\u00f3n Gu\u00edas micol\u00f3gicos"}]},{"@type":"WebSite","@id":"https:\/\/fungiverso.es\/#website","url":"https:\/\/fungiverso.es\/","name":"Fungiverse","description":"","publisher":{"@id":"https:\/\/fungiverso.es\/#organization"},"potentialAction":[{"@type":"SearchAction","target":{"@type":"EntryPoint","urlTemplate":"https:\/\/fungiverso.es\/?s={search_term_string}"},"query-input":{"@type":"PropertyValueSpecification","valueRequired":true,"valueName":"search_term_string"}}],"inLanguage":"en-GB"},{"@type":"Organization","@id":"https:\/\/fungiverso.es\/#organization","name":"Fungiverse","url":"https:\/\/fungiverso.es\/","logo":{"@type":"ImageObject","inLanguage":"en-GB","@id":"https:\/\/fungiverso.es\/#\/schema\/logo\/image\/","url":"https:\/\/fungiverso.es\/wp-content\/uploads\/2025\/10\/cropped-fungiverso.jpg","contentUrl":"https:\/\/fungiverso.es\/wp-content\/uploads\/2025\/10\/cropped-fungiverso.jpg","width":300,"height":85,"caption":"Fungiverso"},"image":{"@id":"https:\/\/fungiverso.es\/#\/schema\/logo\/image\/"}}]}},"_links":{"self":[{"href":"https:\/\/fungiverso.es\/en\/wp-json\/wp\/v2\/pages\/394","targetHints":{"allow":["GET"]}}],"collection":[{"href":"https:\/\/fungiverso.es\/en\/wp-json\/wp\/v2\/pages"}],"about":[{"href":"https:\/\/fungiverso.es\/en\/wp-json\/wp\/v2\/types\/page"}],"author":[{"embeddable":true,"href":"https:\/\/fungiverso.es\/en\/wp-json\/wp\/v2\/users\/2"}],"replies":[{"embeddable":true,"href":"https:\/\/fungiverso.es\/en\/wp-json\/wp\/v2\/comments?post=394"}],"version-history":[{"count":7,"href":"https:\/\/fungiverso.es\/en\/wp-json\/wp\/v2\/pages\/394\/revisions"}],"predecessor-version":[{"id":759,"href":"https:\/\/fungiverso.es\/en\/wp-json\/wp\/v2\/pages\/394\/revisions\/759"}],"wp:attachment":[{"href":"https:\/\/fungiverso.es\/en\/wp-json\/wp\/v2\/media?parent=394"}],"curies":[{"name":"wp","href":"https:\/\/api.w.org\/{rel}","templated":true}]}}